{"id":193,"date":"2021-12-22T01:33:20","date_gmt":"2021-12-22T00:33:20","guid":{"rendered":"http:\/\/www.kotesocial.fr\/?page_id=193"},"modified":"2023-01-18T20:59:34","modified_gmt":"2023-01-18T19:59:34","slug":"contact","status":"publish","type":"page","link":"https:\/\/www.kotesocial.fr\/index.php\/contact\/","title":{"rendered":"\u260e\ufe0f  CONTACT"},"content":{"rendered":"\n\n<div class=\"wpcf7 no-js\" id=\"wpcf7-f191-o1\" lang=\"fr-FR\" dir=\"ltr\" data-wpcf7-id=\"191\">\n<div class=\"screen-reader-response\"><p role=\"status\" aria-live=\"polite\" aria-atomic=\"true\"><\/p> <ul><\/ul><\/div>\n<form action=\"\/index.php\/wp-json\/wp\/v2\/pages\/193#wpcf7-f191-o1\" method=\"post\" class=\"wpcf7-form init\" aria-label=\"Formulaire de contact\" novalidate=\"novalidate\" data-status=\"init\">\n<div style=\"display: none;\">\n<input type=\"hidden\" name=\"_wpcf7\" value=\"191\" \/>\n<input type=\"hidden\" name=\"_wpcf7_version\" value=\"6.0.3\" \/>\n<input type=\"hidden\" name=\"_wpcf7_locale\" value=\"fr_FR\" \/>\n<input type=\"hidden\" name=\"_wpcf7_unit_tag\" value=\"wpcf7-f191-o1\" \/>\n<input type=\"hidden\" name=\"_wpcf7_container_post\" value=\"0\" \/>\n<input type=\"hidden\" name=\"_wpcf7_posted_data_hash\" value=\"\" \/>\n<\/div>\n<p><label> Votre nom<br \/>\n<span class=\"wpcf7-form-control-wrap\" data-name=\"your-name\"><input size=\"40\" maxlength=\"400\" class=\"wpcf7-form-control wpcf7-text wpcf7-validates-as-required\" aria-required=\"true\" aria-invalid=\"false\" value=\"\" type=\"text\" name=\"your-name\" \/><\/span> <\/label>\n<\/p>\n<p><label> Votre e-mail<br \/>\n<span class=\"wpcf7-form-control-wrap\" data-name=\"your-email\"><input size=\"40\" maxlength=\"400\" class=\"wpcf7-form-control wpcf7-email wpcf7-validates-as-required wpcf7-text wpcf7-validates-as-email\" aria-required=\"true\" aria-invalid=\"false\" value=\"\" type=\"email\" name=\"your-email\" \/><\/span> <\/label>\n<\/p>\n<p><label> Objet<br \/>\n<span class=\"wpcf7-form-control-wrap\" data-name=\"your-subject\"><input size=\"40\" maxlength=\"400\" class=\"wpcf7-form-control wpcf7-text wpcf7-validates-as-required\" aria-required=\"true\" aria-invalid=\"false\" value=\"\" type=\"text\" name=\"your-subject\" \/><\/span> <\/label>\n<\/p>\n<p><label> Votre message (facultatif)<br \/>\n<span class=\"wpcf7-form-control-wrap\" data-name=\"your-message\"><textarea cols=\"40\" rows=\"10\" maxlength=\"2000\" class=\"wpcf7-form-control wpcf7-textarea\" aria-invalid=\"false\" name=\"your-message\"><\/textarea><\/span> <\/label>\n<\/p>\n<p><input class=\"wpcf7-form-control wpcf7-submit has-spinner\" type=\"submit\" value=\"Envoyer\" \/>\n<\/p><div class=\"wpcf7-response-output\" aria-hidden=\"true\"><\/div>\n<\/form>\n<\/div>\n\n\n\n\n<p>\u00c9galement accessible :<\/p>\n\n\n\n<ul class=\"wp-block-list\">\n<li>Par t\u00e9l\u00e9phone au +33 <strong>06 17 34 89 47<\/strong><\/li>\n\n\n\n<li>Du lundi au samedi : 9h30 &#8211; 18h30<\/li>\n\n\n\n<li>Par email : <a data-type=\"mailto\" href=\"mailto:dons@kotesocial.fr\">dons@kotesocial.fr<\/a><\/li>\n<\/ul>\n","protected":false},"excerpt":{"rendered":"<p>\u00c9galement accessible :<\/p>\n","protected":false},"author":1,"featured_media":0,"parent":0,"menu_order":0,"comment_status":"closed","ping_status":"closed","template":"","meta":{"footnotes":""},"class_list":["post-193","page","type-page","status-publish","hentry"],"yoast_head":"<!-- This site is optimized with the Yoast SEO plugin v19.14 - https:\/\/yoast.com\/wordpress\/plugins\/seo\/ -->\n<title>\u260e\ufe0f CONTACT<\/title>\n<meta name=\"robots\" content=\"index, follow, max-snippet:-1, max-image-preview:large, max-video-preview:-1\" \/>\n<link rel=\"canonical\" href=\"https:\/\/www.kotesocial.fr\/index.php\/contact\/\" \/>\n<meta property=\"og:locale\" content=\"fr_FR\" \/>\n<meta property=\"og:type\" content=\"article\" \/>\n<meta property=\"og:title\" content=\"\u260e\ufe0f CONTACT\" \/>\n<meta property=\"og:description\" content=\"\u00c9galement accessible :\" \/>\n<meta property=\"og:url\" content=\"https:\/\/www.kotesocial.fr\/index.php\/contact\/\" \/>\n<meta property=\"og:site_name\" content=\"K\u00f4t\u00e9 Social\" \/>\n<meta property=\"article:publisher\" content=\"https:\/\/www.facebook.com\/Kt-Social-104447648792001\/\" \/>\n<meta property=\"article:modified_time\" content=\"2023-01-18T19:59:34+00:00\" \/>\n<meta property=\"og:image\" content=\"https:\/\/www.kotesocial.fr\/wp-content\/uploads\/2021\/12\/logoKS2-2.png\" \/>\n\t<meta property=\"og:image:width\" content=\"585\" \/>\n\t<meta property=\"og:image:height\" content=\"636\" \/>\n\t<meta property=\"og:image:type\" content=\"image\/png\" \/>\n<meta name=\"twitter:card\" content=\"summary_large_image\" \/>\n<meta name=\"twitter:image\" content=\"https:\/\/www.kotesocial.fr\/wp-content\/uploads\/2023\/01\/tweeter.jpg\" \/>\n<meta name=\"twitter:site\" content=\"@kote_social\" \/>\n<meta name=\"twitter:label1\" content=\"Dur\u00e9e de lecture estim\u00e9e\" \/>\n\t<meta name=\"twitter:data1\" content=\"1 minute\" \/>\n<script type=\"application\/ld+json\" class=\"yoast-schema-graph\">{\"@context\":\"https:\/\/schema.org\",\"@graph\":[{\"@type\":\"WebPage\",\"@id\":\"https:\/\/www.kotesocial.fr\/index.php\/contact\/\",\"url\":\"https:\/\/www.kotesocial.fr\/index.php\/contact\/\",\"name\":\"\u260e\ufe0f CONTACT\",\"isPartOf\":{\"@id\":\"https:\/\/www.kotesocial.fr\/#website\"},\"datePublished\":\"2021-12-22T00:33:20+00:00\",\"dateModified\":\"2023-01-18T19:59:34+00:00\",\"breadcrumb\":{\"@id\":\"https:\/\/www.kotesocial.fr\/index.php\/contact\/#breadcrumb\"},\"inLanguage\":\"fr-FR\",\"potentialAction\":[{\"@type\":\"ReadAction\",\"target\":[\"https:\/\/www.kotesocial.fr\/index.php\/contact\/\"]}]},{\"@type\":\"BreadcrumbList\",\"@id\":\"https:\/\/www.kotesocial.fr\/index.php\/contact\/#breadcrumb\",\"itemListElement\":[{\"@type\":\"ListItem\",\"position\":1,\"name\":\"Accueil\",\"item\":\"https:\/\/www.kotesocial.fr\/\"},{\"@type\":\"ListItem\",\"position\":2,\"name\":\"\u260e\ufe0f CONTACT\"}]},{\"@type\":\"WebSite\",\"@id\":\"https:\/\/www.kotesocial.fr\/#website\",\"url\":\"https:\/\/www.kotesocial.fr\/\",\"name\":\"K\u00f4t\u00e9 Social\",\"description\":\"Etre accompagn\u00e9 au quotidien\",\"publisher\":{\"@id\":\"https:\/\/www.kotesocial.fr\/#organization\"},\"potentialAction\":[{\"@type\":\"SearchAction\",\"target\":{\"@type\":\"EntryPoint\",\"urlTemplate\":\"https:\/\/www.kotesocial.fr\/?s={search_term_string}\"},\"query-input\":\"required name=search_term_string\"}],\"inLanguage\":\"fr-FR\"},{\"@type\":\"Organization\",\"@id\":\"https:\/\/www.kotesocial.fr\/#organization\",\"name\":\"Kot\u00e9 Social\",\"url\":\"https:\/\/www.kotesocial.fr\/\",\"logo\":{\"@type\":\"ImageObject\",\"inLanguage\":\"fr-FR\",\"@id\":\"https:\/\/www.kotesocial.fr\/#\/schema\/logo\/image\/\",\"url\":\"https:\/\/www.kotesocial.fr\/wp-content\/uploads\/2021\/12\/logoKS2-2.png\",\"contentUrl\":\"https:\/\/www.kotesocial.fr\/wp-content\/uploads\/2021\/12\/logoKS2-2.png\",\"width\":585,\"height\":636,\"caption\":\"Kot\u00e9 Social\"},\"image\":{\"@id\":\"https:\/\/www.kotesocial.fr\/#\/schema\/logo\/image\/\"},\"sameAs\":[\"https:\/\/www.instagram.com\/kote_social\/?hl=fr\",\"https:\/\/www.tiktok.com\/@kotesocial?lang=fr\",\"https:\/\/www.facebook.com\/Kt-Social-104447648792001\/\",\"https:\/\/twitter.com\/kote_social\"]}]}<\/script>\n<!-- \/ Yoast SEO plugin. -->","yoast_head_json":{"title":"\u260e\ufe0f CONTACT","robots":{"index":"index","follow":"follow","max-snippet":"max-snippet:-1","max-image-preview":"max-image-preview:large","max-video-preview":"max-video-preview:-1"},"canonical":"https:\/\/www.kotesocial.fr\/index.php\/contact\/","og_locale":"fr_FR","og_type":"article","og_title":"\u260e\ufe0f CONTACT","og_description":"\u00c9galement accessible :","og_url":"https:\/\/www.kotesocial.fr\/index.php\/contact\/","og_site_name":"K\u00f4t\u00e9 Social","article_publisher":"https:\/\/www.facebook.com\/Kt-Social-104447648792001\/","article_modified_time":"2023-01-18T19:59:34+00:00","og_image":[{"width":585,"height":636,"url":"https:\/\/www.kotesocial.fr\/wp-content\/uploads\/2021\/12\/logoKS2-2.png","type":"image\/png"}],"twitter_card":"summary_large_image","twitter_image":"https:\/\/www.kotesocial.fr\/wp-content\/uploads\/2023\/01\/tweeter.jpg","twitter_site":"@kote_social","twitter_misc":{"Dur\u00e9e de lecture estim\u00e9e":"1 minute"},"schema":{"@context":"https:\/\/schema.org","@graph":[{"@type":"WebPage","@id":"https:\/\/www.kotesocial.fr\/index.php\/contact\/","url":"https:\/\/www.kotesocial.fr\/index.php\/contact\/","name":"\u260e\ufe0f CONTACT","isPartOf":{"@id":"https:\/\/www.kotesocial.fr\/#website"},"datePublished":"2021-12-22T00:33:20+00:00","dateModified":"2023-01-18T19:59:34+00:00","breadcrumb":{"@id":"https:\/\/www.kotesocial.fr\/index.php\/contact\/#breadcrumb"},"inLanguage":"fr-FR","potentialAction":[{"@type":"ReadAction","target":["https:\/\/www.kotesocial.fr\/index.php\/contact\/"]}]},{"@type":"BreadcrumbList","@id":"https:\/\/www.kotesocial.fr\/index.php\/contact\/#breadcrumb","itemListElement":[{"@type":"ListItem","position":1,"name":"Accueil","item":"https:\/\/www.kotesocial.fr\/"},{"@type":"ListItem","position":2,"name":"\u260e\ufe0f CONTACT"}]},{"@type":"WebSite","@id":"https:\/\/www.kotesocial.fr\/#website","url":"https:\/\/www.kotesocial.fr\/","name":"K\u00f4t\u00e9 Social","description":"Etre accompagn\u00e9 au quotidien","publisher":{"@id":"https:\/\/www.kotesocial.fr\/#organization"},"potentialAction":[{"@type":"SearchAction","target":{"@type":"EntryPoint","urlTemplate":"https:\/\/www.kotesocial.fr\/?s={search_term_string}"},"query-input":"required name=search_term_string"}],"inLanguage":"fr-FR"},{"@type":"Organization","@id":"https:\/\/www.kotesocial.fr\/#organization","name":"Kot\u00e9 Social","url":"https:\/\/www.kotesocial.fr\/","logo":{"@type":"ImageObject","inLanguage":"fr-FR","@id":"https:\/\/www.kotesocial.fr\/#\/schema\/logo\/image\/","url":"https:\/\/www.kotesocial.fr\/wp-content\/uploads\/2021\/12\/logoKS2-2.png","contentUrl":"https:\/\/www.kotesocial.fr\/wp-content\/uploads\/2021\/12\/logoKS2-2.png","width":585,"height":636,"caption":"Kot\u00e9 Social"},"image":{"@id":"https:\/\/www.kotesocial.fr\/#\/schema\/logo\/image\/"},"sameAs":["https:\/\/www.instagram.com\/kote_social\/?hl=fr","https:\/\/www.tiktok.com\/@kotesocial?lang=fr","https:\/\/www.facebook.com\/Kt-Social-104447648792001\/","https:\/\/twitter.com\/kote_social"]}]}},"_links":{"self":[{"href":"https:\/\/www.kotesocial.fr\/index.php\/wp-json\/wp\/v2\/pages\/193","targetHints":{"allow":["GET"]}}],"collection":[{"href":"https:\/\/www.kotesocial.fr\/index.php\/wp-json\/wp\/v2\/pages"}],"about":[{"href":"https:\/\/www.kotesocial.fr\/index.php\/wp-json\/wp\/v2\/types\/page"}],"author":[{"embeddable":true,"href":"https:\/\/www.kotesocial.fr\/index.php\/wp-json\/wp\/v2\/users\/1"}],"replies":[{"embeddable":true,"href":"https:\/\/www.kotesocial.fr\/index.php\/wp-json\/wp\/v2\/comments?post=193"}],"version-history":[{"count":16,"href":"https:\/\/www.kotesocial.fr\/index.php\/wp-json\/wp\/v2\/pages\/193\/revisions"}],"predecessor-version":[{"id":1898,"href":"https:\/\/www.kotesocial.fr\/index.php\/wp-json\/wp\/v2\/pages\/193\/revisions\/1898"}],"wp:attachment":[{"href":"https:\/\/www.kotesocial.fr\/index.php\/wp-json\/wp\/v2\/media?parent=193"}],"curies":[{"name":"wp","href":"https:\/\/api.w.org\/{rel}","templated":true}]}}