{"id":129,"date":"2021-12-21T23:32:02","date_gmt":"2021-12-21T22:32:02","guid":{"rendered":"http:\/\/www.kotesocial.fr\/?page_id=129"},"modified":"2022-03-23T20:41:42","modified_gmt":"2022-03-23T19:41:42","slug":"construire-des-puits","status":"publish","type":"page","link":"https:\/\/www.kotesocial.fr\/index.php\/construire-des-puits\/","title":{"rendered":"\ud83c\udf93  FORMATIONS"},"content":{"rendered":"\n<p class=\"has-text-align-left\">Kot\u00e9 Social intervient dans de multiples domaines d&rsquo;activit\u00e9s pour fabriquer des savoirs solidaires. Nos actions visent \u00e0 promouvoir des formations adapt\u00e9es aux besoins des secteurs du handicap, de la protection de l&rsquo;enfance, la protection sociale, l\u2019insertion, le d\u00e9veloppement social, le management&#8230;<br>Kot\u00e9 Social se caract\u00e9rise aussi par un accompagnement individualis\u00e9, l\u2019accent mis sur l\u2019acquisition d\u2019une culture g\u00e9n\u00e9rale de l&rsquo;animation et du travail social.&nbsp;Cela, dans le but :<br>&#8211; d\u2019acqu\u00e9rir, de compl\u00e9ter ou de modifier une qualification,<br>&#8211; de d\u00e9velopper leurs capacit\u00e9s d\u2019adaptation pour accompagner les \u00e9volutions professionnelles et les changements dans les pratiques sociales<br>&#8211; de contribuer \u00e0 l\u2019exp\u00e9rimentation dans le domaine social et l\u2019\u00e9ducation sp\u00e9cialis\u00e9e<br>&#8211; de participer au d\u00e9veloppement social, \u00e0 l\u2019animation, \u00e0 l\u2019information et \u00e0 l\u2019assistance technique aux professionnels, aux responsables et administrateurs des \u00e9tablissements concourant \u00e0 la mise en \u0153uvre des politiques sociales et aux candidats \u00e0 la formation<br>&#8211; d\u2019assurer la diffusion et la communication des id\u00e9es qu\u2019elle pr\u00f4ne et des travaux produits, par l\u2019\u00e9dition de revues, livres ou sous toutes autres formes<\/p>\n\n\n\n<figure class=\"wp-block-gallery has-nested-images columns-default is-cropped wp-block-gallery-1 is-layout-flex wp-block-gallery-is-layout-flex\">\n<figure class=\"wp-block-image size-large\"><img loading=\"lazy\" decoding=\"async\" width=\"900\" height=\"450\" data-id=\"353\" src=\"https:\/\/www.kotesocial.fr\/wp-content\/uploads\/2022\/03\/formation-1.jpg\" alt=\"\" class=\"wp-image-353\" srcset=\"https:\/\/www.kotesocial.fr\/wp-content\/uploads\/2022\/03\/formation-1.jpg 900w, https:\/\/www.kotesocial.fr\/wp-content\/uploads\/2022\/03\/formation-1-300x150.jpg 300w, https:\/\/www.kotesocial.fr\/wp-content\/uploads\/2022\/03\/formation-1-768x384.jpg 768w\" sizes=\"auto, (max-width: 767px) 89vw, (max-width: 1000px) 54vw, (max-width: 1071px) 543px, 580px\" \/><\/figure>\n<\/figure>\n\n\n\n<h2 class=\"wp-block-heading\"><strong>LES VALIDATIONS DES ACQUIS DE L&rsquo;EXPERIENCE<\/strong><\/h2>\n\n\n\n<p>La Validation des Acquis de l\u2019Exp\u00e9rience est un droit individuel ouvert \u00e0 toute personne qui souhaite faire valider les acquis de son exp\u00e9rience par un dipl\u00f4me, un titre ou un certificat de qualification professionnelle (CAP petit enfance, DEAES, TMA, DETISF, DEME,DEEST, DEES, DEASS, DEEJE, DECESF, CAFERUIS, DEMF, CAFDES, DEIS, DEESS).<br>Pour ces dispositif, nous vous proposons trois types d\u2019accompagnements sur une dur\u00e9e de 3 \u00e0 12 mois : <br>                 &#8211; Accompagnement de 12H en individualis\u00e9 : suivi personnalis\u00e9 avec un r\u00e9f\u00e9rent.<br>                 &#8211; Accompagnement de 24H en individualis\u00e9 : suivi personnalis\u00e9 avec un r\u00e9f\u00e9rent.<br>                 &#8211; Accompagnement de 48H en individualis\u00e9 : suivi personnalis\u00e9 avec un r\u00e9f\u00e9rent.<\/p>\n\n\n\n<h2 class=\"wp-block-heading\"><strong>LES ATELIERS D&rsquo;ANALYSE DES PRATIQUES PROFESSIONNELLES<\/strong><\/h2>\n\n\n\n<p>Nos ateliers sont ouverts aux travailleurs sociaux, aux personnels soignants&nbsp;(infirmiers, aides-soignants, m\u00e9decins\u2026), aux enseignants, aux animateurs, aux agents territoriaux\u2026<br>L&rsquo;objectif est la valorisation des comp\u00e9tences professionnelles, l\u2019am\u00e9lioration du service rendu aux publics accompagn\u00e9s, le d\u00e9veloppement de l\u2019autonomie d\u2019action et l\u2019am\u00e9lioration des dynamiques de coop\u00e9ration en \u00e9quipe.<\/p>\n\n\n\n<figure class=\"wp-block-image size-full is-resized\"><img loading=\"lazy\" decoding=\"async\" src=\"https:\/\/www.kotesocial.fr\/wp-content\/uploads\/2021\/12\/cropped-Logo-Le-Petit_plus-1024x263-1.png\" alt=\"\" class=\"wp-image-295\" width=\"266\" height=\"68\" srcset=\"https:\/\/www.kotesocial.fr\/wp-content\/uploads\/2021\/12\/cropped-Logo-Le-Petit_plus-1024x263-1.png 1024w, https:\/\/www.kotesocial.fr\/wp-content\/uploads\/2021\/12\/cropped-Logo-Le-Petit_plus-1024x263-1-300x77.png 300w, https:\/\/www.kotesocial.fr\/wp-content\/uploads\/2021\/12\/cropped-Logo-Le-Petit_plus-1024x263-1-768x197.png 768w\" sizes=\"auto, (max-width: 266px) 100vw, 266px\" \/><\/figure>\n\n\n\n<p><strong>Il vous est possible de personnaliser votre formation en fonction de vos besoins. <\/strong><br><strong>Devis sur simple demande.<\/strong><\/p>\n","protected":false},"excerpt":{"rendered":"<p>Kot\u00e9 Social intervient dans de multiples domaines d&rsquo;activit\u00e9s pour fabriquer des savoirs solidaires. Nos actions visent \u00e0 promouvoir des formations adapt\u00e9es aux besoins des secteurs du handicap, de la protection &hellip; <\/p>\n<p class=\"link-more\"><a href=\"https:\/\/www.kotesocial.fr\/index.php\/construire-des-puits\/\" class=\"more-link\">Continuer la lecture<span class=\"screen-reader-text\"> de &laquo;&nbsp;\ud83c\udf93  FORMATIONS&nbsp;&raquo;<\/span><\/a><\/p>\n","protected":false},"author":1,"featured_media":0,"parent":0,"menu_order":0,"comment_status":"closed","ping_status":"closed","template":"","meta":{"footnotes":""},"class_list":["post-129","page","type-page","status-publish","hentry"],"yoast_head":"<!-- This site is optimized with the Yoast SEO plugin v19.14 - https:\/\/yoast.com\/wordpress\/plugins\/seo\/ -->\n<title>\ud83c\udf93 FORMATIONS<\/title>\n<meta name=\"description\" content=\"L&#039;eau c&#039;est la vie ! Faites un don \u00e0 notre association humanitaire pour construction des puits pour les personnes d\u00e9munie.\" \/>\n<meta name=\"robots\" content=\"index, follow, max-snippet:-1, max-image-preview:large, max-video-preview:-1\" \/>\n<link rel=\"canonical\" href=\"https:\/\/www.kotesocial.fr\/index.php\/construire-des-puits\/\" \/>\n<meta property=\"og:locale\" content=\"fr_FR\" \/>\n<meta property=\"og:type\" content=\"article\" \/>\n<meta property=\"og:title\" content=\"\ud83c\udf93 FORMATIONS\" \/>\n<meta property=\"og:description\" content=\"L&#039;eau c&#039;est la vie ! Faites un don \u00e0 notre association humanitaire pour construction des puits pour les personnes d\u00e9munie.\" \/>\n<meta property=\"og:url\" content=\"https:\/\/www.kotesocial.fr\/index.php\/construire-des-puits\/\" \/>\n<meta property=\"og:site_name\" content=\"K\u00f4t\u00e9 Social\" \/>\n<meta property=\"article:publisher\" content=\"https:\/\/www.facebook.com\/Kt-Social-104447648792001\/\" \/>\n<meta property=\"article:modified_time\" content=\"2022-03-23T19:41:42+00:00\" \/>\n<meta property=\"og:image\" content=\"https:\/\/www.kotesocial.fr\/wp-content\/uploads\/2022\/03\/formation-1.jpg\" \/>\n<meta name=\"twitter:card\" content=\"summary_large_image\" \/>\n<meta name=\"twitter:site\" content=\"@kote_social\" \/>\n<meta name=\"twitter:label1\" content=\"Dur\u00e9e de lecture estim\u00e9e\" \/>\n\t<meta name=\"twitter:data1\" content=\"3 minutes\" \/>\n<script type=\"application\/ld+json\" class=\"yoast-schema-graph\">{\"@context\":\"https:\/\/schema.org\",\"@graph\":[{\"@type\":\"WebPage\",\"@id\":\"https:\/\/www.kotesocial.fr\/index.php\/construire-des-puits\/\",\"url\":\"https:\/\/www.kotesocial.fr\/index.php\/construire-des-puits\/\",\"name\":\"\ud83c\udf93 FORMATIONS\",\"isPartOf\":{\"@id\":\"https:\/\/www.kotesocial.fr\/#website\"},\"datePublished\":\"2021-12-21T22:32:02+00:00\",\"dateModified\":\"2022-03-23T19:41:42+00:00\",\"description\":\"L'eau c'est la vie ! Faites un don \u00e0 notre association humanitaire pour construction des puits pour les personnes d\u00e9munie.\",\"breadcrumb\":{\"@id\":\"https:\/\/www.kotesocial.fr\/index.php\/construire-des-puits\/#breadcrumb\"},\"inLanguage\":\"fr-FR\",\"potentialAction\":[{\"@type\":\"ReadAction\",\"target\":[\"https:\/\/www.kotesocial.fr\/index.php\/construire-des-puits\/\"]}]},{\"@type\":\"BreadcrumbList\",\"@id\":\"https:\/\/www.kotesocial.fr\/index.php\/construire-des-puits\/#breadcrumb\",\"itemListElement\":[{\"@type\":\"ListItem\",\"position\":1,\"name\":\"Accueil\",\"item\":\"https:\/\/www.kotesocial.fr\/\"},{\"@type\":\"ListItem\",\"position\":2,\"name\":\"\ud83c\udf93 FORMATIONS\"}]},{\"@type\":\"WebSite\",\"@id\":\"https:\/\/www.kotesocial.fr\/#website\",\"url\":\"https:\/\/www.kotesocial.fr\/\",\"name\":\"K\u00f4t\u00e9 Social\",\"description\":\"Etre accompagn\u00e9 au quotidien\",\"publisher\":{\"@id\":\"https:\/\/www.kotesocial.fr\/#organization\"},\"potentialAction\":[{\"@type\":\"SearchAction\",\"target\":{\"@type\":\"EntryPoint\",\"urlTemplate\":\"https:\/\/www.kotesocial.fr\/?s={search_term_string}\"},\"query-input\":\"required name=search_term_string\"}],\"inLanguage\":\"fr-FR\"},{\"@type\":\"Organization\",\"@id\":\"https:\/\/www.kotesocial.fr\/#organization\",\"name\":\"Kot\u00e9 Social\",\"url\":\"https:\/\/www.kotesocial.fr\/\",\"logo\":{\"@type\":\"ImageObject\",\"inLanguage\":\"fr-FR\",\"@id\":\"https:\/\/www.kotesocial.fr\/#\/schema\/logo\/image\/\",\"url\":\"https:\/\/www.kotesocial.fr\/wp-content\/uploads\/2021\/12\/logoKS2-2.png\",\"contentUrl\":\"https:\/\/www.kotesocial.fr\/wp-content\/uploads\/2021\/12\/logoKS2-2.png\",\"width\":585,\"height\":636,\"caption\":\"Kot\u00e9 Social\"},\"image\":{\"@id\":\"https:\/\/www.kotesocial.fr\/#\/schema\/logo\/image\/\"},\"sameAs\":[\"https:\/\/www.instagram.com\/kote_social\/?hl=fr\",\"https:\/\/www.tiktok.com\/@kotesocial?lang=fr\",\"https:\/\/www.facebook.com\/Kt-Social-104447648792001\/\",\"https:\/\/twitter.com\/kote_social\"]}]}<\/script>\n<!-- \/ Yoast SEO plugin. -->","yoast_head_json":{"title":"\ud83c\udf93 FORMATIONS","description":"L'eau c'est la vie ! Faites un don \u00e0 notre association humanitaire pour construction des puits pour les personnes d\u00e9munie.","robots":{"index":"index","follow":"follow","max-snippet":"max-snippet:-1","max-image-preview":"max-image-preview:large","max-video-preview":"max-video-preview:-1"},"canonical":"https:\/\/www.kotesocial.fr\/index.php\/construire-des-puits\/","og_locale":"fr_FR","og_type":"article","og_title":"\ud83c\udf93 FORMATIONS","og_description":"L'eau c'est la vie ! Faites un don \u00e0 notre association humanitaire pour construction des puits pour les personnes d\u00e9munie.","og_url":"https:\/\/www.kotesocial.fr\/index.php\/construire-des-puits\/","og_site_name":"K\u00f4t\u00e9 Social","article_publisher":"https:\/\/www.facebook.com\/Kt-Social-104447648792001\/","article_modified_time":"2022-03-23T19:41:42+00:00","og_image":[{"url":"https:\/\/www.kotesocial.fr\/wp-content\/uploads\/2022\/03\/formation-1.jpg"}],"twitter_card":"summary_large_image","twitter_site":"@kote_social","twitter_misc":{"Dur\u00e9e de lecture estim\u00e9e":"3 minutes"},"schema":{"@context":"https:\/\/schema.org","@graph":[{"@type":"WebPage","@id":"https:\/\/www.kotesocial.fr\/index.php\/construire-des-puits\/","url":"https:\/\/www.kotesocial.fr\/index.php\/construire-des-puits\/","name":"\ud83c\udf93 FORMATIONS","isPartOf":{"@id":"https:\/\/www.kotesocial.fr\/#website"},"datePublished":"2021-12-21T22:32:02+00:00","dateModified":"2022-03-23T19:41:42+00:00","description":"L'eau c'est la vie ! Faites un don \u00e0 notre association humanitaire pour construction des puits pour les personnes d\u00e9munie.","breadcrumb":{"@id":"https:\/\/www.kotesocial.fr\/index.php\/construire-des-puits\/#breadcrumb"},"inLanguage":"fr-FR","potentialAction":[{"@type":"ReadAction","target":["https:\/\/www.kotesocial.fr\/index.php\/construire-des-puits\/"]}]},{"@type":"BreadcrumbList","@id":"https:\/\/www.kotesocial.fr\/index.php\/construire-des-puits\/#breadcrumb","itemListElement":[{"@type":"ListItem","position":1,"name":"Accueil","item":"https:\/\/www.kotesocial.fr\/"},{"@type":"ListItem","position":2,"name":"\ud83c\udf93 FORMATIONS"}]},{"@type":"WebSite","@id":"https:\/\/www.kotesocial.fr\/#website","url":"https:\/\/www.kotesocial.fr\/","name":"K\u00f4t\u00e9 Social","description":"Etre accompagn\u00e9 au quotidien","publisher":{"@id":"https:\/\/www.kotesocial.fr\/#organization"},"potentialAction":[{"@type":"SearchAction","target":{"@type":"EntryPoint","urlTemplate":"https:\/\/www.kotesocial.fr\/?s={search_term_string}"},"query-input":"required name=search_term_string"}],"inLanguage":"fr-FR"},{"@type":"Organization","@id":"https:\/\/www.kotesocial.fr\/#organization","name":"Kot\u00e9 Social","url":"https:\/\/www.kotesocial.fr\/","logo":{"@type":"ImageObject","inLanguage":"fr-FR","@id":"https:\/\/www.kotesocial.fr\/#\/schema\/logo\/image\/","url":"https:\/\/www.kotesocial.fr\/wp-content\/uploads\/2021\/12\/logoKS2-2.png","contentUrl":"https:\/\/www.kotesocial.fr\/wp-content\/uploads\/2021\/12\/logoKS2-2.png","width":585,"height":636,"caption":"Kot\u00e9 Social"},"image":{"@id":"https:\/\/www.kotesocial.fr\/#\/schema\/logo\/image\/"},"sameAs":["https:\/\/www.instagram.com\/kote_social\/?hl=fr","https:\/\/www.tiktok.com\/@kotesocial?lang=fr","https:\/\/www.facebook.com\/Kt-Social-104447648792001\/","https:\/\/twitter.com\/kote_social"]}]}},"_links":{"self":[{"href":"https:\/\/www.kotesocial.fr\/index.php\/wp-json\/wp\/v2\/pages\/129","targetHints":{"allow":["GET"]}}],"collection":[{"href":"https:\/\/www.kotesocial.fr\/index.php\/wp-json\/wp\/v2\/pages"}],"about":[{"href":"https:\/\/www.kotesocial.fr\/index.php\/wp-json\/wp\/v2\/types\/page"}],"author":[{"embeddable":true,"href":"https:\/\/www.kotesocial.fr\/index.php\/wp-json\/wp\/v2\/users\/1"}],"replies":[{"embeddable":true,"href":"https:\/\/www.kotesocial.fr\/index.php\/wp-json\/wp\/v2\/comments?post=129"}],"version-history":[{"count":22,"href":"https:\/\/www.kotesocial.fr\/index.php\/wp-json\/wp\/v2\/pages\/129\/revisions"}],"predecessor-version":[{"id":364,"href":"https:\/\/www.kotesocial.fr\/index.php\/wp-json\/wp\/v2\/pages\/129\/revisions\/364"}],"wp:attachment":[{"href":"https:\/\/www.kotesocial.fr\/index.php\/wp-json\/wp\/v2\/media?parent=129"}],"curies":[{"name":"wp","href":"https:\/\/api.w.org\/{rel}","templated":true}]}}